{"id":1001,"date":"2026-04-26T00:39:52","date_gmt":"2026-04-25T22:39:52","guid":{"rendered":"https:\/\/www.filduraz.fr\/?page_id=1001"},"modified":"2026-04-26T00:41:17","modified_gmt":"2026-04-25T22:41:17","slug":"avant-labri","status":"publish","type":"page","link":"https:\/\/www.filduraz.fr\/?page_id=1001","title":{"rendered":"Avant l\u2019abri"},"content":{"rendered":"\n<div class=\"wp-block-group has-contrast-dark-color has-text-color has-background has-link-color has-alegreya-font-family has-superbfont-tiny-font-size wp-elements-8c79ebbcc4f8d7abc0077a8a133735bf has-global-padding is-layout-constrained wp-container-core-group-is-layout-0feb1511 wp-block-group-is-layout-constrained\" style=\"background:radial-gradient(rgb(203,196,196) 0%,rgb(224,205,205) 31%,rgb(210,199,199) 69%,rgb(169,184,195) 100%);min-height:0px;padding-top:0;padding-right:var(--wp--preset--spacing--superbspacing-small);padding-bottom:0;padding-left:var(--wp--preset--spacing--superbspacing-small);font-style:normal;font-weight:400;line-height:2\">\n<p><\/p>\n\n\n\n<p class=\"has-text-align-center has-contrast-dark-color has-text-color has-link-color has-superbfont-medium-font-size wp-elements-369e4bdee038ab6fb8c61ead6ccb2d75\"><br><strong>Avant l\u2019abri<\/strong><\/p>\n\n\n\n<p class=\"has-contrast-dark-color has-text-color has-link-color has-superbfont-small-font-size wp-elements-591a3a16247902c66c55e9966c4528b6\"><\/p>\n\n\n\n<p class=\"has-contrast-dark-color has-text-color has-link-color has-superbfont-small-font-size wp-elements-0781fee0470dfddc9918718c62f7b201\">Je ris et je cours sous la pluie,<br>je ris de la distance qu\u2019il reste \u00e0 parcourir<br>jusqu\u2019\u00e0 l\u2019abri anti-chimique.<br>Je ris, je cours mes cheveux fument<br>et la peau de mes joues se d\u00e9collent avant l\u2019abri anti-chimique.<\/p>\n\n\n\n<p class=\"has-contrast-dark-color has-text-color has-link-color has-superbfont-small-font-size wp-elements-4f2d5cd85c95341113328b64c66f0c8f\">Je l\u2019savais mais j\u2019vous jure mes enfants j\u2019y croyait pas vraiment<br>j\u2019ai pourtant bien coup\u00e9 l\u2019eau chaque fois que j\u2019me brossais les dents.<br>\u00e7a suffit pas, \u00e7a suffit pas, \u00e7a suffit pas , \u00e7a pas suffit&nbsp;!<\/p>\n\n\n\n<p class=\"has-contrast-dark-color has-text-color has-link-color has-superbfont-small-font-size wp-elements-720367ae732012c0f5c11a131a582567\">Je ris en creusant la terre,<br>je ris de la distance qu\u2019il reste \u00e0 faire<br>avant l\u2019abri anti-nucl\u00e9aire.<br>Je ris dans la terre qui tourne \u00e0 la boue,<br>le son des cloques \u00e0 pustules qui claquent<br>avant l\u2019abri anti-nucl\u00e9aire.<\/p>\n\n\n\n<p class=\"has-contrast-dark-color has-text-color has-link-color has-superbfont-small-font-size wp-elements-4395b21f884696967a55b8c7a147259e\">Je l\u2019savais mais j\u2019vous jure mes enfants j\u2019y croyait pas vraiment<br>j\u2019ai pourtant bien dis non \u00e0 la guerre et chauffer la yourte au soleil<br>\u00e7a suffit pas, \u00e7a suffit pas, \u00e7a suffit pas , \u00e7a pas suffit&nbsp;!<\/p>\n\n\n\n<p class=\"has-contrast-dark-color has-text-color has-link-color has-superbfont-small-font-size wp-elements-1ab56774e67d3ee76bc55b236792a6d3\">Je cours devant la brigade des vautours,<br>je ris de la distance \u00e0 parcourir<br>jusqu\u2019\u00e0 l\u2019abri anti-fachiste.<br>Je ris, je cours avec une vieille envie<br>de m\u2019retourner une derni\u00e8re fois, et finir au combat&nbsp;!<br>Plut\u00f4t qu\u2019\u00e0 l\u2019abri anti-fachiste.<\/p>\n\n\n\n<p class=\"has-contrast-dark-color has-text-color has-link-color has-superbfont-small-font-size wp-elements-e04d79752ed9a07dffd7a86e1e397ff0\">j\u2019les ais pourtant bien vu se relever ces bras tendus<br>j\u2019ai pourtant bien dis autour de moi&nbsp;: \u00e7a pue, c\u2019est moche&nbsp;!<br>\u00e7a suffit pas, \u00e7a suffit pas, \u00e7a suffit pas , \u00e7a suffit&nbsp;pas !<\/p>\n\n\n\n<p class=\"has-text-align-center has-contrast-dark-color has-text-color has-link-color has-superbfont-small-font-size wp-elements-a47ba4dffa4bb717205c252afb3b6ea2\">&#8211;<br><\/p>\n\n\n\n<p class=\"has-contrast-dark-color has-text-color has-link-color has-superbfont-xsmall-font-size wp-elements-5614ff389875ef6f05b90ccf5fc4aace\"><\/p>\n\n\n\n<p><\/p>\n<\/div>\n","protected":false},"excerpt":{"rendered":"<p>Avant l\u2019abri Je ris et je cours sous la pluie,je ris de la distance qu\u2019il reste \u00e0 parcourirjusqu\u2019\u00e0 l\u2019abri anti-chimique.Je ris, je cours mes cheveux fumentet la peau de mes joues se d\u00e9collent avant l\u2019abri anti-chimique. Je l\u2019savais mais j\u2019vous jure mes enfants j\u2019y croyait pas vraimentj\u2019ai pourtant bien coup\u00e9 l\u2019eau chaque fois que j\u2019me [&hellip;]<\/p>\n","protected":false},"author":1,"featured_media":0,"parent":0,"menu_order":0,"comment_status":"closed","ping_status":"closed","template":"","meta":{"footnotes":""},"class_list":["post-1001","page","type-page","status-publish","hentry"],"_links":{"self":[{"href":"https:\/\/www.filduraz.fr\/index.php?rest_route=\/wp\/v2\/pages\/1001","targetHints":{"allow":["GET"]}}],"collection":[{"href":"https:\/\/www.filduraz.fr\/index.php?rest_route=\/wp\/v2\/pages"}],"about":[{"href":"https:\/\/www.filduraz.fr\/index.php?rest_route=\/wp\/v2\/types\/page"}],"author":[{"embeddable":true,"href":"https:\/\/www.filduraz.fr\/index.php?rest_route=\/wp\/v2\/users\/1"}],"replies":[{"embeddable":true,"href":"https:\/\/www.filduraz.fr\/index.php?rest_route=%2Fwp%2Fv2%2Fcomments&post=1001"}],"version-history":[{"count":2,"href":"https:\/\/www.filduraz.fr\/index.php?rest_route=\/wp\/v2\/pages\/1001\/revisions"}],"predecessor-version":[{"id":1003,"href":"https:\/\/www.filduraz.fr\/index.php?rest_route=\/wp\/v2\/pages\/1001\/revisions\/1003"}],"wp:attachment":[{"href":"https:\/\/www.filduraz.fr\/index.php?rest_route=%2Fwp%2Fv2%2Fmedia&parent=1001"}],"curies":[{"name":"wp","href":"https:\/\/api.w.org\/{rel}","templated":true}]}}