{"id":1006,"date":"2026-04-26T00:43:28","date_gmt":"2026-04-25T22:43:28","guid":{"rendered":"https:\/\/www.filduraz.fr\/?page_id=1006"},"modified":"2026-04-26T00:43:28","modified_gmt":"2026-04-25T22:43:28","slug":"les-nuits-trop-courtes","status":"publish","type":"page","link":"https:\/\/www.filduraz.fr\/?page_id=1006","title":{"rendered":"Les nuits trop courtes"},"content":{"rendered":"\n<div class=\"wp-block-group has-contrast-dark-color has-text-color has-background has-link-color has-alegreya-font-family has-superbfont-tiny-font-size wp-elements-f638c40c84fa06ba7dffa2ab90d23480 has-global-padding is-layout-constrained wp-container-core-group-is-layout-0feb1511 wp-block-group-is-layout-constrained\" style=\"background:radial-gradient(rgb(203,196,196) 0%,rgb(224,205,205) 31%,rgb(210,199,199) 69%,rgb(169,184,195) 100%);min-height:0px;padding-top:0;padding-right:var(--wp--preset--spacing--superbspacing-small);padding-bottom:0;padding-left:var(--wp--preset--spacing--superbspacing-small);font-style:normal;font-weight:400;line-height:2\">\n<p class=\"has-text-align-center has-contrast-dark-color has-text-color has-link-color has-superbfont-medium-font-size wp-elements-de031a512f23952fd3b9bde39b1f980a\"><strong><br><strong>Les nuits trop courtes<\/strong><\/strong><\/p>\n\n\n\n<p class=\"has-contrast-dark-color has-text-color has-link-color has-superbfont-small-font-size wp-elements-64cb69d982408d04d5772f47cf2d0f54\">Les nuits trop courtes, les jours sans fin<br>et les repas qui n&rsquo;en finissent pas<br>l&rsquo;\u00e9t\u00e9 trop chaud, l&rsquo;hiver trop sombre<br>et le printemps qui ne vient pas<\/p>\n\n\n\n<p class=\"has-contrast-dark-color has-text-color has-link-color has-superbfont-small-font-size wp-elements-a8ad0977c0ee82fbd91ffbf28cbedc87\">l&rsquo;\u00e9t\u00e9 trop court, l&rsquo;hiver trop blanc<br>et nos r\u00eaves qui se finissent l\u00e0<br>Odeurs trop fortes, claquements de portes<br>les cris quand ils ne faudrait pas<\/p>\n\n\n\n<p class=\"has-contrast-dark-color has-text-color has-link-color has-superbfont-small-font-size wp-elements-4786e966c0d06b08c5e86613211881ba\">douleurs de l&rsquo;un, frayeurs de l&rsquo;autre<br>Tout comme des br\u00fblures sur mes mains<br>l&rsquo;acide en bouche, \u00e9touffe nos pleurs<br>et mon automne qui est d\u00e9j\u00e0 l\u00e0<\/p>\n\n\n\n<p class=\"has-contrast-dark-color has-text-color has-link-color has-superbfont-small-font-size wp-elements-591a3a16247902c66c55e9966c4528b6\"><\/p>\n\n\n\n<p class=\"has-contrast-dark-color has-text-color has-link-color has-superbfont-small-font-size wp-elements-b5c28baa98c37c18834508718dd6894f\">les causes perdues, les bons conseils<br>tout \u00e7a se perd dans mon sommeil<br>ne plus parler, ne plus r\u00e9pondre<br>allez faire un tour plus loin<\/p>\n\n\n\n<p class=\"has-text-align-center has-contrast-dark-color has-text-color has-link-color has-superbfont-small-font-size wp-elements-7833d2468cfeb4952257117853e80061\">&#8211;<\/p>\n\n\n\n<p class=\"has-contrast-dark-color has-text-color has-link-color has-superbfont-xsmall-font-size wp-elements-5614ff389875ef6f05b90ccf5fc4aace\"><\/p>\n\n\n\n<p><\/p>\n<\/div>\n","protected":false},"excerpt":{"rendered":"<p>Les nuits trop courtes Les nuits trop courtes, les jours sans finet les repas qui n&rsquo;en finissent pasl&rsquo;\u00e9t\u00e9 trop chaud, l&rsquo;hiver trop sombreet le printemps qui ne vient pas l&rsquo;\u00e9t\u00e9 trop court, l&rsquo;hiver trop blancet nos r\u00eaves qui se finissent l\u00e0Odeurs trop fortes, claquements de portesles cris quand ils ne faudrait pas douleurs de l&rsquo;un, [&hellip;]<\/p>\n","protected":false},"author":1,"featured_media":0,"parent":0,"menu_order":0,"comment_status":"closed","ping_status":"closed","template":"","meta":{"footnotes":""},"class_list":["post-1006","page","type-page","status-publish","hentry"],"_links":{"self":[{"href":"https:\/\/www.filduraz.fr\/index.php?rest_route=\/wp\/v2\/pages\/1006","targetHints":{"allow":["GET"]}}],"collection":[{"href":"https:\/\/www.filduraz.fr\/index.php?rest_route=\/wp\/v2\/pages"}],"about":[{"href":"https:\/\/www.filduraz.fr\/index.php?rest_route=\/wp\/v2\/types\/page"}],"author":[{"embeddable":true,"href":"https:\/\/www.filduraz.fr\/index.php?rest_route=\/wp\/v2\/users\/1"}],"replies":[{"embeddable":true,"href":"https:\/\/www.filduraz.fr\/index.php?rest_route=%2Fwp%2Fv2%2Fcomments&post=1006"}],"version-history":[{"count":1,"href":"https:\/\/www.filduraz.fr\/index.php?rest_route=\/wp\/v2\/pages\/1006\/revisions"}],"predecessor-version":[{"id":1007,"href":"https:\/\/www.filduraz.fr\/index.php?rest_route=\/wp\/v2\/pages\/1006\/revisions\/1007"}],"wp:attachment":[{"href":"https:\/\/www.filduraz.fr\/index.php?rest_route=%2Fwp%2Fv2%2Fmedia&parent=1006"}],"curies":[{"name":"wp","href":"https:\/\/api.w.org\/{rel}","templated":true}]}}