{"id":1048,"date":"2026-04-26T11:04:21","date_gmt":"2026-04-26T09:04:21","guid":{"rendered":"https:\/\/www.filduraz.fr\/?page_id=1048"},"modified":"2026-04-26T11:08:29","modified_gmt":"2026-04-26T09:08:29","slug":"quil-est-dur-ce-regard","status":"publish","type":"page","link":"https:\/\/www.filduraz.fr\/?page_id=1048","title":{"rendered":"Qu&rsquo;il est dur ce regard"},"content":{"rendered":"\n<div class=\"wp-block-group has-contrast-dark-color has-text-color has-background has-link-color has-alegreya-font-family has-superbfont-tiny-font-size wp-elements-c2e8e0bf09f6dc97379e9e2debd78215 has-global-padding is-layout-constrained wp-container-core-group-is-layout-0feb1511 wp-block-group-is-layout-constrained\" style=\"background:radial-gradient(rgb(203,196,196) 0%,rgb(224,205,205) 31%,rgb(210,199,199) 69%,rgb(169,184,195) 100%);min-height:0px;padding-top:0;padding-right:var(--wp--preset--spacing--superbspacing-small);padding-bottom:0;padding-left:var(--wp--preset--spacing--superbspacing-small);font-style:normal;font-weight:400;line-height:2\">\n<p class=\"has-text-align-center has-contrast-dark-color has-text-color has-link-color has-alegreya-font-family has-superbfont-small-font-size wp-elements-83c7d90f4e89af6c9d054f95583471c4\" style=\"font-style:normal;font-weight:400\"><\/p>\n\n\n\n<p class=\"has-contrast-dark-color has-text-color has-link-color has-alegreya-font-family has-superbfont-small-font-size wp-elements-db8f3650f58a71e7468a213eac1945bc\" style=\"font-style:normal;font-weight:400\"><strong>Qu&rsquo;il est dur ce regard sur l&rsquo;enfant qui cri,<br>pas comme les autres,<br>pas au bon endroit, pas au bon moment.<\/strong><\/p>\n\n\n\n<p class=\"has-contrast-dark-color has-text-color has-link-color has-alegreya-font-family has-superbfont-small-font-size wp-elements-cc6403d42383097e4700e12ec1410b88\"><strong>Qu&rsquo;il est dur ce regard&nbsp;;<br>et son poids s&rsquo;ajoute encore \u00e0 ce qui p\u00e8se sur nos t\u00eates.<\/strong><\/p>\n\n\n\n<p class=\"has-superbfont-small-font-size\"><strong>Qu\u2019il est dur ce regard sur l\u2019enfant qui cri<\/strong><\/p>\n\n\n\n<p class=\"has-superbfont-small-font-size\"><strong>qu\u2019ils sont durs ces mots que j\u2019entends dans mon dos<\/strong><\/p>\n\n\n\n<p class=\"has-superbfont-small-font-size\"><strong>de soignants incr\u00e9dules en charlatans suffisants<\/strong><\/p>\n\n\n\n<p class=\"has-superbfont-small-font-size\"><strong>qu\u2019il est dur le chemin pour l\u2019enfant diff\u00e9rents<\/strong><\/p>\n\n\n\n<p class=\"has-superbfont-small-font-size\"><strong>qu\u2019il est dur ce regard<\/strong><\/p>\n\n\n\n<p class=\"has-superbfont-small-font-size\"><strong>qu\u2019ils sont durs ces mots<\/strong><\/p>\n\n\n\n<p class=\"has-superbfont-small-font-size\"><strong>qu\u2019il est dur le chemin<\/strong><\/p>\n\n\n\n<p class=\"has-superbfont-small-font-size\"><strong>Et pourtant au d\u00e9tour d&rsquo;un m\u00e9tro,<\/strong><strong>A l&rsquo;heure ou les autres sont en classe.<\/strong><strong>Entre deux soins, deux stations,<\/strong><strong>je surprend un regard ,<\/strong><strong>un <\/strong><em><strong>regard-caresse <\/strong><\/em><em><strong>plein de bienveillance.<\/strong><\/em><em><\/em><strong>sur lui,<\/strong><\/p>\n\n\n\n<p class=\"has-superbfont-small-font-size\"><strong>sur moi,<\/strong><\/p>\n\n\n\n<p class=\"has-superbfont-small-font-size\"><strong>sur nous\u2026<\/strong><strong>Une <\/strong><em><strong>douceur-moteur<\/strong><\/em><strong> pour avancer,<\/strong><\/p>\n\n\n\n<p class=\"has-contrast-dark-color has-text-color has-link-color has-alegreya-font-family has-superbfont-small-font-size wp-elements-7ec55bace0bb9d79f3524aadcd06eaf3\" style=\"font-style:normal;font-weight:400\"><strong>un tout petit peu,<br>mais tellement plus,<br>l\u00e9ger.<\/strong><\/p>\n\n\n\n<p class=\"has-text-align-center has-contrast-dark-color has-text-color has-link-color has-alegreya-font-family has-superbfont-small-font-size wp-elements-84bb1aa0a8792071984ccbd29d0833bb\" style=\"font-style:normal;font-weight:400\">&#8211;<br><\/p>\n\n\n\n<p class=\"has-link-color has-alegreya-font-family has-superbfont-small-font-size wp-elements-c2baf8ddd1e5696088e990ed41a359d1\" style=\"font-style:normal;font-weight:400\"><\/p>\n<\/div>\n","protected":false},"excerpt":{"rendered":"<p>Qu&rsquo;il est dur ce regard sur l&rsquo;enfant qui cri,pas comme les autres,pas au bon endroit, pas au bon moment. Qu&rsquo;il est dur ce regard&nbsp;;et son poids s&rsquo;ajoute encore \u00e0 ce qui p\u00e8se sur nos t\u00eates. Qu\u2019il est dur ce regard sur l\u2019enfant qui cri qu\u2019ils sont durs ces mots que j\u2019entends dans mon dos de [&hellip;]<\/p>\n","protected":false},"author":1,"featured_media":0,"parent":0,"menu_order":0,"comment_status":"closed","ping_status":"closed","template":"","meta":{"footnotes":""},"class_list":["post-1048","page","type-page","status-publish","hentry"],"_links":{"self":[{"href":"https:\/\/www.filduraz.fr\/index.php?rest_route=\/wp\/v2\/pages\/1048","targetHints":{"allow":["GET"]}}],"collection":[{"href":"https:\/\/www.filduraz.fr\/index.php?rest_route=\/wp\/v2\/pages"}],"about":[{"href":"https:\/\/www.filduraz.fr\/index.php?rest_route=\/wp\/v2\/types\/page"}],"author":[{"embeddable":true,"href":"https:\/\/www.filduraz.fr\/index.php?rest_route=\/wp\/v2\/users\/1"}],"replies":[{"embeddable":true,"href":"https:\/\/www.filduraz.fr\/index.php?rest_route=%2Fwp%2Fv2%2Fcomments&post=1048"}],"version-history":[{"count":3,"href":"https:\/\/www.filduraz.fr\/index.php?rest_route=\/wp\/v2\/pages\/1048\/revisions"}],"predecessor-version":[{"id":1051,"href":"https:\/\/www.filduraz.fr\/index.php?rest_route=\/wp\/v2\/pages\/1048\/revisions\/1051"}],"wp:attachment":[{"href":"https:\/\/www.filduraz.fr\/index.php?rest_route=%2Fwp%2Fv2%2Fmedia&parent=1048"}],"curies":[{"name":"wp","href":"https:\/\/api.w.org\/{rel}","templated":true}]}}