{"id":1056,"date":"2026-04-26T11:16:35","date_gmt":"2026-04-26T09:16:35","guid":{"rendered":"https:\/\/www.filduraz.fr\/?page_id=1056"},"modified":"2026-04-26T11:18:21","modified_gmt":"2026-04-26T09:18:21","slug":"tu-ten-vas","status":"publish","type":"page","link":"https:\/\/www.filduraz.fr\/?page_id=1056","title":{"rendered":"Tu t\u2019en vas"},"content":{"rendered":"\n<div class=\"wp-block-group has-contrast-dark-color has-text-color has-background has-link-color has-alegreya-font-family has-superbfont-tiny-font-size wp-elements-c96e92fcd56bbf16b1da1be27ba26bb1 has-global-padding is-layout-constrained wp-container-core-group-is-layout-0feb1511 wp-block-group-is-layout-constrained\" style=\"background:radial-gradient(rgb(203,196,196) 0%,rgb(224,205,205) 31%,rgb(210,199,199) 69%,rgb(169,184,195) 100%);min-height:0px;padding-top:0;padding-right:var(--wp--preset--spacing--superbspacing-small);padding-bottom:0;padding-left:var(--wp--preset--spacing--superbspacing-small);font-style:normal;font-weight:400;line-height:2\">\n<p class=\"has-text-align-center has-contrast-dark-color has-text-color has-link-color has-alegreya-font-family has-superbfont-small-font-size wp-elements-83c7d90f4e89af6c9d054f95583471c4\" style=\"font-style:normal;font-weight:400\"><\/p>\n\n\n\n<p class=\"has-contrast-dark-color has-text-color has-link-color has-alegreya-font-family has-superbfont-small-font-size wp-elements-2c0ce451ec35828a67cb8cc8a10ea5d1\" style=\"font-style:normal;font-weight:400\">Encore motiv\u00e9, emball\u00e9 par une nouvelle id\u00e9e<\/p>\n\n\n\n<p class=\"has-superbfont-small-font-size\">tu t\u2019en vas<\/p>\n\n\n\n<p class=\"has-superbfont-small-font-size\">A courir en restant sur place, \u00e0 sourire au fond d\u2019une impasse.<\/p>\n\n\n\n<p class=\"has-superbfont-small-font-size\">Tu t\u2019en vas et tu restes l\u00e0<\/p>\n\n\n\n<p class=\"has-superbfont-small-font-size\">encore embarqu\u00e9, engag\u00e9 par un nouveau d\u00e9bat<\/p>\n\n\n\n<p class=\"has-superbfont-small-font-size\">tu t\u2019en vas<\/p>\n\n\n\n<p class=\"has-superbfont-small-font-size\">\u00e0 hurler sans ouvrir la bouche, \u00e0 sangloter seul sous la douche<\/p>\n\n\n\n<p class=\"has-superbfont-small-font-size\">tu t\u2019en vas et tu restes l\u00e0<\/p>\n\n\n\n<p class=\"has-superbfont-small-font-size\"><\/p>\n\n\n\n<p class=\"has-superbfont-small-font-size\">regardes un peu l\u2019herbe qui pousse<\/p>\n\n\n\n<p class=\"has-superbfont-small-font-size\">et la lumi\u00e8re qui change \u00e0 chaque instant<\/p>\n\n\n\n<p class=\"has-superbfont-small-font-size\">cet air si doux qui glisse sur ton cou<\/p>\n\n\n\n<p class=\"has-superbfont-small-font-size\">mes doigts sur tes doigts qui s\u2019oublient<\/p>\n\n\n\n<p><\/p>\n\n\n\n<p class=\"has-superbfont-small-font-size\">encore enrag\u00e9, acharn\u00e9 dans un nouveau combat,<\/p>\n\n\n\n<p class=\"has-superbfont-small-font-size\">tu t\u2019en vas<\/p>\n\n\n\n<p class=\"has-superbfont-small-font-size\">tu dis qu\u2019\u00e7a t\u2019passe au d&rsquo;ssus d\u2019la t\u00eate mais \u00e7a t\u2019\u00e9crase \u00e7a t\u2019fait ta f\u00eate<\/p>\n\n\n\n<p class=\"has-superbfont-small-font-size\">tu t\u2019en vas et tu restes l\u00e0<\/p>\n\n\n\n<p class=\"has-superbfont-small-font-size\">tu t\u2019envas et tu restes l\u00e0<\/p>\n\n\n\n<p style=\"font-size:clamp(14px, 0.875rem + ((1vw - 3.2px) * 0.455), 18px);\">regardes un peu l\u2019herbe qui pousse<\/p>\n\n\n\n<p style=\"font-size:clamp(14px, 0.875rem + ((1vw - 3.2px) * 0.455), 18px);\">cet air si doux qui glisse sur ton cou<\/p>\n\n\n\n<p style=\"font-size:clamp(14px, 0.875rem + ((1vw - 3.2px) * 0.455), 18px);\">et la lumi\u00e8re qui change \u00e0 chaque instant<\/p>\n\n\n\n<p style=\"font-size:clamp(14px, 0.875rem + ((1vw - 3.2px) * 0.455), 18px);\">mes doigts sur tes doigts qui s\u2019oublient<\/p>\n\n\n\n<p class=\"has-contrast-dark-color has-text-color has-link-color has-alegreya-font-family has-superbfont-small-font-size wp-elements-94694dbe0cb64a417d41d8bfc041e1d7\" style=\"font-style:normal;font-weight:400\"><\/p>\n\n\n\n<p class=\"has-text-align-center has-contrast-dark-color has-text-color has-link-color has-alegreya-font-family has-superbfont-small-font-size wp-elements-84bb1aa0a8792071984ccbd29d0833bb\" style=\"font-style:normal;font-weight:400\">&#8211;<br><\/p>\n\n\n\n<p class=\"has-link-color has-alegreya-font-family has-superbfont-small-font-size wp-elements-c2baf8ddd1e5696088e990ed41a359d1\" style=\"font-style:normal;font-weight:400\"><\/p>\n<\/div>\n","protected":false},"excerpt":{"rendered":"<p>Encore motiv\u00e9, emball\u00e9 par une nouvelle id\u00e9e tu t\u2019en vas A courir en restant sur place, \u00e0 sourire au fond d\u2019une impasse. Tu t\u2019en vas et tu restes l\u00e0 encore embarqu\u00e9, engag\u00e9 par un nouveau d\u00e9bat tu t\u2019en vas \u00e0 hurler sans ouvrir la bouche, \u00e0 sangloter seul sous la douche tu t\u2019en vas et [&hellip;]<\/p>\n","protected":false},"author":1,"featured_media":0,"parent":0,"menu_order":0,"comment_status":"closed","ping_status":"closed","template":"","meta":{"footnotes":""},"class_list":["post-1056","page","type-page","status-publish","hentry"],"_links":{"self":[{"href":"https:\/\/www.filduraz.fr\/index.php?rest_route=\/wp\/v2\/pages\/1056","targetHints":{"allow":["GET"]}}],"collection":[{"href":"https:\/\/www.filduraz.fr\/index.php?rest_route=\/wp\/v2\/pages"}],"about":[{"href":"https:\/\/www.filduraz.fr\/index.php?rest_route=\/wp\/v2\/types\/page"}],"author":[{"embeddable":true,"href":"https:\/\/www.filduraz.fr\/index.php?rest_route=\/wp\/v2\/users\/1"}],"replies":[{"embeddable":true,"href":"https:\/\/www.filduraz.fr\/index.php?rest_route=%2Fwp%2Fv2%2Fcomments&post=1056"}],"version-history":[{"count":3,"href":"https:\/\/www.filduraz.fr\/index.php?rest_route=\/wp\/v2\/pages\/1056\/revisions"}],"predecessor-version":[{"id":1059,"href":"https:\/\/www.filduraz.fr\/index.php?rest_route=\/wp\/v2\/pages\/1056\/revisions\/1059"}],"wp:attachment":[{"href":"https:\/\/www.filduraz.fr\/index.php?rest_route=%2Fwp%2Fv2%2Fmedia&parent=1056"}],"curies":[{"name":"wp","href":"https:\/\/api.w.org\/{rel}","templated":true}]}}