{"id":1062,"date":"2026-04-26T11:39:25","date_gmt":"2026-04-26T09:39:25","guid":{"rendered":"https:\/\/www.filduraz.fr\/?page_id=1062"},"modified":"2026-04-26T11:41:56","modified_gmt":"2026-04-26T09:41:56","slug":"soliloque","status":"publish","type":"page","link":"https:\/\/www.filduraz.fr\/?page_id=1062","title":{"rendered":"Soliloque (pour Gigi)"},"content":{"rendered":"\n<div class=\"wp-block-group has-contrast-dark-color has-text-color has-background has-link-color has-alegreya-font-family has-superbfont-tiny-font-size wp-elements-3475518790ea005366734542448d09ed has-global-padding is-layout-constrained wp-container-core-group-is-layout-0feb1511 wp-block-group-is-layout-constrained\" style=\"background:radial-gradient(rgb(203,196,196) 0%,rgb(224,205,205) 31%,rgb(210,199,199) 69%,rgb(169,184,195) 100%);min-height:0px;padding-top:0;padding-right:var(--wp--preset--spacing--superbspacing-small);padding-bottom:0;padding-left:var(--wp--preset--spacing--superbspacing-small);font-style:normal;font-weight:400;line-height:2\">\n<p class=\"has-text-align-center has-contrast-dark-color has-text-color has-link-color has-alegreya-font-family has-superbfont-small-font-size wp-elements-83c7d90f4e89af6c9d054f95583471c4\" style=\"font-style:normal;font-weight:400\"><\/p>\n\n\n\n<p class=\"has-contrast-dark-color has-text-color has-link-color has-alegreya-font-family has-superbfont-small-font-size wp-elements-4f5b7e03ce979fa40b6996db0702fc8e\" style=\"font-style:normal;font-weight:400\">Soliloque<\/p>\n\n\n\n<p class=\"has-link-color has-alegreya-font-family has-superbfont-small-font-size wp-elements-a47697877312f5ece60b94e21d787f4c\" style=\"font-style:normal;font-weight:400\">entre mes tics et mes tocs<\/p>\n\n\n\n<p class=\"has-link-color has-alegreya-font-family has-superbfont-small-font-size wp-elements-3b9740ecaeabc6375c19382a4f3329df\" style=\"font-style:normal;font-weight:400\">les gens gentils g\u00e8re leur malaise<\/p>\n\n\n\n<p class=\"has-link-color has-alegreya-font-family has-superbfont-small-font-size wp-elements-943b4ee09d91f92cc0e6f83596567183\" style=\"font-style:normal;font-weight:400\">et s\u2019enfuient<\/p>\n\n\n\n<p class=\"has-link-color has-alegreya-font-family has-superbfont-small-font-size wp-elements-47e8893f278d3228a0614d5caeb56156\" style=\"font-style:normal;font-weight:400\">vertige clinique<\/p>\n\n\n\n<p class=\"has-link-color has-alegreya-font-family has-superbfont-small-font-size wp-elements-4390553d42d3a97bed2168ca15e8acba\" style=\"font-style:normal;font-weight:400\">emb\u00fbches tr\u00e9buche<\/p>\n\n\n\n<p class=\"has-link-color has-alegreya-font-family has-superbfont-small-font-size wp-elements-6b269a0e46a1eb387fd83c04a62f7772\" style=\"font-style:normal;font-weight:400\">\u00e7a bloque<\/p>\n\n\n\n<p class=\"has-link-color has-alegreya-font-family has-superbfont-small-font-size wp-elements-7a4d430f33b7cf37bf5228b7a2d1d771\" style=\"font-style:normal;font-weight:400\">vitrine anti-choc, de l\u2019autre cot\u00e9 du par-choc<\/p>\n\n\n\n<p class=\"has-link-color has-alegreya-font-family has-superbfont-small-font-size wp-elements-79921a39e1996900a2e381835963c73c\" style=\"font-style:normal;font-weight:400\">je fais face<\/p>\n\n\n\n<p class=\"has-link-color has-alegreya-font-family has-superbfont-small-font-size wp-elements-541046f3e7aa9fc43ddc218903455f9d\" style=\"font-style:normal;font-weight:400\">entre deux vertiges<\/p>\n\n\n\n<p class=\"has-link-color has-alegreya-font-family has-superbfont-small-font-size wp-elements-d22ae70067431bc03cdc2c479b0e47d3\" style=\"font-style:normal;font-weight:400\">je l\u00e2cherais pas , tu piges&nbsp;?<\/p>\n\n\n\n<p class=\"has-link-color has-alegreya-font-family has-superbfont-small-font-size wp-elements-d1cdcd63d09a11b202a1ce8430a96bba\" style=\"font-style:normal;font-weight:400\">Un peu loufoque, un peu baroque<\/p>\n\n\n\n<p class=\"has-link-color has-alegreya-font-family has-superbfont-small-font-size wp-elements-79921a39e1996900a2e381835963c73c\" style=\"font-style:normal;font-weight:400\">je fais face<\/p>\n\n\n\n<p class=\"has-link-color has-alegreya-font-family has-superbfont-small-font-size wp-elements-64fe4dd83030788d3c7d668d9a43c6b5\" style=\"font-style:normal;font-weight:400\">de taille et d\u2019estoc<\/p>\n\n\n\n<p class=\"has-link-color has-alegreya-font-family has-superbfont-small-font-size wp-elements-8c0a8bbd3524709898091ad3465dd687\" style=\"font-style:normal;font-weight:400\">jusqu&rsquo;\u00e0 grimper sur le bloc<\/p>\n\n\n\n<p class=\"has-link-color has-alegreya-font-family has-superbfont-small-font-size wp-elements-9d706d9c9956d1c568859c05853d523d\" style=\"font-style:normal;font-weight:400\">c\u2019est le m\u00e9doc ad oc<\/p>\n\n\n\n<p class=\"has-link-color has-alegreya-font-family has-superbfont-small-font-size wp-elements-827aaa4d99921e29134b362fddc0bc1e\" style=\"font-style:normal;font-weight:400\">soliloque<\/p>\n\n\n\n<p class=\"has-link-color has-alegreya-font-family has-superbfont-small-font-size wp-elements-827aaa4d99921e29134b362fddc0bc1e\" style=\"font-style:normal;font-weight:400\">soliloque<\/p>\n\n\n\n<p class=\"has-link-color has-alegreya-font-family has-superbfont-small-font-size wp-elements-827aaa4d99921e29134b362fddc0bc1e\" style=\"font-style:normal;font-weight:400\">soliloque<\/p>\n\n\n\n<p class=\"has-contrast-dark-color has-text-color has-link-color has-alegreya-font-family has-superbfont-small-font-size wp-elements-94694dbe0cb64a417d41d8bfc041e1d7\" style=\"font-style:normal;font-weight:400\"><\/p>\n\n\n\n<p class=\"has-text-align-center has-contrast-dark-color has-text-color has-link-color has-alegreya-font-family has-superbfont-small-font-size wp-elements-84bb1aa0a8792071984ccbd29d0833bb\" style=\"font-style:normal;font-weight:400\">&#8211;<br><\/p>\n\n\n\n<p class=\"has-link-color has-alegreya-font-family has-superbfont-small-font-size wp-elements-c2baf8ddd1e5696088e990ed41a359d1\" style=\"font-style:normal;font-weight:400\"><\/p>\n<\/div>\n","protected":false},"excerpt":{"rendered":"<p>Soliloque entre mes tics et mes tocs les gens gentils g\u00e8re leur malaise et s\u2019enfuient vertige clinique emb\u00fbches tr\u00e9buche \u00e7a bloque vitrine anti-choc, de l\u2019autre cot\u00e9 du par-choc je fais face entre deux vertiges je l\u00e2cherais pas , tu piges&nbsp;? Un peu loufoque, un peu baroque je fais face de taille et d\u2019estoc jusqu&rsquo;\u00e0 grimper [&hellip;]<\/p>\n","protected":false},"author":1,"featured_media":0,"parent":0,"menu_order":0,"comment_status":"closed","ping_status":"closed","template":"","meta":{"footnotes":""},"class_list":["post-1062","page","type-page","status-publish","hentry"],"_links":{"self":[{"href":"https:\/\/www.filduraz.fr\/index.php?rest_route=\/wp\/v2\/pages\/1062","targetHints":{"allow":["GET"]}}],"collection":[{"href":"https:\/\/www.filduraz.fr\/index.php?rest_route=\/wp\/v2\/pages"}],"about":[{"href":"https:\/\/www.filduraz.fr\/index.php?rest_route=\/wp\/v2\/types\/page"}],"author":[{"embeddable":true,"href":"https:\/\/www.filduraz.fr\/index.php?rest_route=\/wp\/v2\/users\/1"}],"replies":[{"embeddable":true,"href":"https:\/\/www.filduraz.fr\/index.php?rest_route=%2Fwp%2Fv2%2Fcomments&post=1062"}],"version-history":[{"count":4,"href":"https:\/\/www.filduraz.fr\/index.php?rest_route=\/wp\/v2\/pages\/1062\/revisions"}],"predecessor-version":[{"id":1066,"href":"https:\/\/www.filduraz.fr\/index.php?rest_route=\/wp\/v2\/pages\/1062\/revisions\/1066"}],"wp:attachment":[{"href":"https:\/\/www.filduraz.fr\/index.php?rest_route=%2Fwp%2Fv2%2Fmedia&parent=1062"}],"curies":[{"name":"wp","href":"https:\/\/api.w.org\/{rel}","templated":true}]}}