{"id":1068,"date":"2026-04-26T11:50:35","date_gmt":"2026-04-26T09:50:35","guid":{"rendered":"https:\/\/www.filduraz.fr\/?page_id=1068"},"modified":"2026-04-26T12:55:13","modified_gmt":"2026-04-26T10:55:13","slug":"encore-envie","status":"publish","type":"page","link":"https:\/\/www.filduraz.fr\/?page_id=1068","title":{"rendered":"Encore envie"},"content":{"rendered":"\n<div class=\"wp-block-group has-contrast-dark-color has-text-color has-background has-link-color has-alegreya-font-family has-superbfont-tiny-font-size wp-elements-017f30941ab34f66a1b854d746234f7d has-global-padding is-layout-constrained wp-container-core-group-is-layout-0feb1511 wp-block-group-is-layout-constrained\" style=\"background:radial-gradient(rgb(203,196,196) 0%,rgb(224,205,205) 31%,rgb(210,199,199) 69%,rgb(169,184,195) 100%);min-height:0px;padding-top:0;padding-right:var(--wp--preset--spacing--superbspacing-small);padding-bottom:0;padding-left:var(--wp--preset--spacing--superbspacing-small);font-style:normal;font-weight:400;line-height:2\">\n<p class=\"has-text-align-center has-contrast-dark-color has-text-color has-link-color has-alegreya-font-family has-superbfont-small-font-size wp-elements-83c7d90f4e89af6c9d054f95583471c4\" style=\"font-style:normal;font-weight:400\"><\/p>\n\n\n\n<p class=\"has-link-color has-alegreya-font-family has-superbfont-small-font-size wp-elements-24f9ef7aa47300cdcf01852eb12117dc\" style=\"font-style:normal;font-weight:400\">encore, encore, encore envie<br><\/p>\n\n\n\n<p class=\"has-link-color has-alegreya-font-family has-superbfont-small-font-size wp-elements-d4a4efed9954df2dca29b4b3f47c0684\" style=\"font-style:normal;font-weight:400\">m\u00eame au bord du pr\u00e9cipice<\/p>\n\n\n\n<p class=\"has-link-color has-alegreya-font-family has-superbfont-small-font-size wp-elements-a6e4fe28bf401061c4155368e6956ea0\" style=\"font-style:normal;font-weight:400\">pas press\u00e9s d\u2019avancer<\/p>\n\n\n\n<p class=\"has-link-color has-alegreya-font-family has-superbfont-small-font-size wp-elements-a5d1efb2a223d9100d2778ca9fbed03e\" style=\"font-style:normal;font-weight:400\">hey derri\u00e8re faudrait pas pousser&nbsp;!<br><\/p>\n\n\n\n<p class=\"has-link-color has-alegreya-font-family has-superbfont-small-font-size wp-elements-24f9ef7aa47300cdcf01852eb12117dc\" style=\"font-style:normal;font-weight:400\">encore, encore, encore envie<br><\/p>\n\n\n\n<p class=\"has-link-color has-alegreya-font-family has-superbfont-small-font-size wp-elements-91bdf94ca74c3c648452498cb5bbb9bb\" style=\"font-style:normal;font-weight:400\">m\u00eame si l\u2019on sent les pr\u00e9misses<\/p>\n\n\n\n<p class=\"has-link-color has-alegreya-font-family has-superbfont-small-font-size wp-elements-33c8492171f2644d831775a33657fadf\" style=\"font-style:normal;font-weight:400\">des temp\u00eates annonc\u00e9es<\/p>\n\n\n\n<p class=\"has-link-color has-alegreya-font-family has-superbfont-small-font-size wp-elements-194f1dae11ec398af01e3b78be35be60\" style=\"font-style:normal;font-weight:400\">hey devant on va pas y aller t\u00eates baiss\u00e9es<br><br>encore, encore, encore envie<br><br>Et l\u2019amour qui toujours subsiste<\/p>\n\n\n\n<p class=\"has-link-color has-alegreya-font-family has-superbfont-small-font-size wp-elements-08c450b68ff33db367d26720726242a7\" style=\"font-style:normal;font-weight:400\">auquel rien ne r\u00e9siste<br><br>encore, encore, encore envie<\/p>\n\n\n\n<p class=\"has-link-color has-alegreya-font-family has-superbfont-small-font-size wp-elements-a32211108a8da0f0f3b7a429816865ff\" style=\"font-style:normal;font-weight:400\">(ad lib)<\/p>\n\n\n\n<p class=\"has-contrast-dark-color has-text-color has-link-color has-alegreya-font-family has-superbfont-small-font-size wp-elements-94694dbe0cb64a417d41d8bfc041e1d7\" style=\"font-style:normal;font-weight:400\"><\/p>\n\n\n\n<figure class=\"wp-block-video\"><video height=\"464\" style=\"aspect-ratio: 832 \/ 464;\" width=\"832\" controls src=\"http:\/\/www.filduraz.fr\/wp-content\/uploads\/2026\/04\/encoreenvie-live2025-11-28.mp4\"><\/video><figcaption class=\"wp-element-caption\"><strong>Chansons finale concert Fantaisie et bonnes mani\u00e8res au THM\u00e9tro le 28 novembre 2025<\/strong><\/figcaption><\/figure>\n<\/div>\n","protected":false},"excerpt":{"rendered":"<p>encore, encore, encore envie m\u00eame au bord du pr\u00e9cipice pas press\u00e9s d\u2019avancer hey derri\u00e8re faudrait pas pousser&nbsp;! encore, encore, encore envie m\u00eame si l\u2019on sent les pr\u00e9misses des temp\u00eates annonc\u00e9es hey devant on va pas y aller t\u00eates baiss\u00e9es encore, encore, encore envie Et l\u2019amour qui toujours subsiste auquel rien ne r\u00e9siste encore, encore, encore [&hellip;]<\/p>\n","protected":false},"author":1,"featured_media":0,"parent":0,"menu_order":0,"comment_status":"closed","ping_status":"closed","template":"","meta":{"footnotes":""},"class_list":["post-1068","page","type-page","status-publish","hentry"],"_links":{"self":[{"href":"https:\/\/www.filduraz.fr\/index.php?rest_route=\/wp\/v2\/pages\/1068","targetHints":{"allow":["GET"]}}],"collection":[{"href":"https:\/\/www.filduraz.fr\/index.php?rest_route=\/wp\/v2\/pages"}],"about":[{"href":"https:\/\/www.filduraz.fr\/index.php?rest_route=\/wp\/v2\/types\/page"}],"author":[{"embeddable":true,"href":"https:\/\/www.filduraz.fr\/index.php?rest_route=\/wp\/v2\/users\/1"}],"replies":[{"embeddable":true,"href":"https:\/\/www.filduraz.fr\/index.php?rest_route=%2Fwp%2Fv2%2Fcomments&post=1068"}],"version-history":[{"count":5,"href":"https:\/\/www.filduraz.fr\/index.php?rest_route=\/wp\/v2\/pages\/1068\/revisions"}],"predecessor-version":[{"id":1106,"href":"https:\/\/www.filduraz.fr\/index.php?rest_route=\/wp\/v2\/pages\/1068\/revisions\/1106"}],"wp:attachment":[{"href":"https:\/\/www.filduraz.fr\/index.php?rest_route=%2Fwp%2Fv2%2Fmedia&parent=1068"}],"curies":[{"name":"wp","href":"https:\/\/api.w.org\/{rel}","templated":true}]}}