{"id":1072,"date":"2026-04-26T11:57:10","date_gmt":"2026-04-26T09:57:10","guid":{"rendered":"https:\/\/www.filduraz.fr\/?page_id=1072"},"modified":"2026-04-26T11:58:37","modified_gmt":"2026-04-26T09:58:37","slug":"1072-2","status":"publish","type":"page","link":"https:\/\/www.filduraz.fr\/?page_id=1072","title":{"rendered":"Pommes"},"content":{"rendered":"\n<div class=\"wp-block-group has-contrast-dark-color has-text-color has-background has-link-color has-alegreya-font-family has-superbfont-tiny-font-size wp-elements-03b840a7e5617c209438cf3cf4d66dfe has-global-padding is-layout-constrained wp-container-core-group-is-layout-0feb1511 wp-block-group-is-layout-constrained\" style=\"background:radial-gradient(rgb(203,196,196) 0%,rgb(224,205,205) 31%,rgb(210,199,199) 69%,rgb(169,184,195) 100%);min-height:0px;padding-top:0;padding-right:var(--wp--preset--spacing--superbspacing-small);padding-bottom:0;padding-left:var(--wp--preset--spacing--superbspacing-small);font-style:normal;font-weight:400;line-height:2\">\n<p class=\"has-alegreya-font-family\" style=\"font-size:clamp(14px, 0.875rem + ((1vw - 3.2px) * 0.455), 18px);\">Je m\u2019\u00e9gare dans les parking<\/p>\n\n\n\n<p class=\"has-alegreya-font-family\" style=\"font-size:clamp(14px, 0.875rem + ((1vw - 3.2px) * 0.455), 18px);\">je m\u2019\u00e9chappe de plomb<\/p>\n\n\n\n<p class=\"has-alegreya-font-family\" style=\"font-size:clamp(14px, 0.875rem + ((1vw - 3.2px) * 0.455), 18px);\">j\u2019arpente la rumeur<\/p>\n\n\n\n<p class=\"has-alegreya-font-family\" style=\"font-size:clamp(14px, 0.875rem + ((1vw - 3.2px) * 0.455), 18px);\">j\u2019y excelle en silence<br><\/p>\n\n\n\n<p class=\"has-alegreya-font-family\" style=\"font-size:clamp(14px, 0.875rem + ((1vw - 3.2px) * 0.455), 18px);\">et je prie les marchands d\u2019espoir de me laisser (bis)<\/p>\n\n\n\n<p class=\"has-alegreya-font-family\" style=\"font-size:clamp(14px, 0.875rem + ((1vw - 3.2px) * 0.455), 18px);\">tomber dans les pommes<br><\/p>\n\n\n\n<p class=\"has-alegreya-font-family\" style=\"font-size:clamp(14px, 0.875rem + ((1vw - 3.2px) * 0.455), 18px);\">pauvre h\u00e8re dans les m\u00e9diath\u00e8ques<\/p>\n\n\n\n<p class=\"has-alegreya-font-family\" style=\"font-size:clamp(14px, 0.875rem + ((1vw - 3.2px) * 0.455), 18px);\">o\u00f9 jamais je n\u2019emprunte<\/p>\n\n\n\n<p class=\"has-alegreya-font-family\" style=\"font-size:clamp(14px, 0.875rem + ((1vw - 3.2px) * 0.455), 18px);\">j\u2019\u00e9cris en point de croix<\/p>\n\n\n\n<p class=\"has-alegreya-font-family\" style=\"font-size:clamp(14px, 0.875rem + ((1vw - 3.2px) * 0.455), 18px);\">j\u2019exhume le vent des fous<\/p>\n\n\n\n<p class=\"has-alegreya-font-family\" style=\"font-size:clamp(14px, 0.875rem + ((1vw - 3.2px) * 0.455), 18px);\">adjectifs coup\u00e9s trop courts<\/p>\n\n\n\n<p class=\"has-alegreya-font-family\" style=\"font-size:clamp(14px, 0.875rem + ((1vw - 3.2px) * 0.455), 18px);\">compl\u00e9ment alimentaire<\/p>\n\n\n\n<p class=\"has-alegreya-font-family\" style=\"font-size:clamp(14px, 0.875rem + ((1vw - 3.2px) * 0.455), 18px);\">objectifs beaucoup trop lourd<\/p>\n\n\n\n<p class=\"has-alegreya-font-family\" style=\"font-size:clamp(14px, 0.875rem + ((1vw - 3.2px) * 0.455), 18px);\">compl\u00e8tement parti en guerre<br><\/p>\n\n\n\n<p class=\"has-alegreya-font-family\" style=\"font-size:clamp(14px, 0.875rem + ((1vw - 3.2px) * 0.455), 18px);\">et je prie les marchands d\u2019espoir de me laisser<\/p>\n\n\n\n<p class=\"has-alegreya-font-family\" style=\"font-size:clamp(14px, 0.875rem + ((1vw - 3.2px) * 0.455), 18px);\">tomber dans les pommes<\/p>\n\n\n\n<p><\/p>\n\n\n\n<p class=\"has-alegreya-font-family\" style=\"font-size:clamp(14px, 0.875rem + ((1vw - 3.2px) * 0.455), 18px);\">j\u2019entrevois rocailleuse<\/p>\n\n\n\n<p class=\"has-alegreya-font-family\" style=\"font-size:clamp(14px, 0.875rem + ((1vw - 3.2px) * 0.455), 18px);\">une issue sous les bras<\/p>\n\n\n\n<p class=\"has-alegreya-font-family\" style=\"font-size:clamp(14px, 0.875rem + ((1vw - 3.2px) * 0.455), 18px);\">un passage embusqu\u00e9<\/p>\n\n\n\n<p class=\"has-alegreya-font-family\" style=\"font-size:clamp(14px, 0.875rem + ((1vw - 3.2px) * 0.455), 18px);\">rester au front, l\u00e0, sous la frange<br><\/p>\n\n\n\n<p class=\"has-alegreya-font-family\" style=\"font-size:clamp(14px, 0.875rem + ((1vw - 3.2px) * 0.455), 18px);\">et je prie les marchands d\u2019espoir de me laisser<\/p>\n\n\n\n<p class=\"has-alegreya-font-family\" style=\"font-size:clamp(14px, 0.875rem + ((1vw - 3.2px) * 0.455), 18px);\">tomber dans les pommes<\/p>\n<\/div>\n","protected":false},"excerpt":{"rendered":"<p>Je m\u2019\u00e9gare dans les parking je m\u2019\u00e9chappe de plomb j\u2019arpente la rumeur j\u2019y excelle en silence et je prie les marchands d\u2019espoir de me laisser (bis) tomber dans les pommes pauvre h\u00e8re dans les m\u00e9diath\u00e8ques o\u00f9 jamais je n\u2019emprunte j\u2019\u00e9cris en point de croix j\u2019exhume le vent des fous adjectifs coup\u00e9s trop courts compl\u00e9ment alimentaire [&hellip;]<\/p>\n","protected":false},"author":1,"featured_media":0,"parent":0,"menu_order":0,"comment_status":"closed","ping_status":"closed","template":"","meta":{"footnotes":""},"class_list":["post-1072","page","type-page","status-publish","hentry"],"_links":{"self":[{"href":"https:\/\/www.filduraz.fr\/index.php?rest_route=\/wp\/v2\/pages\/1072","targetHints":{"allow":["GET"]}}],"collection":[{"href":"https:\/\/www.filduraz.fr\/index.php?rest_route=\/wp\/v2\/pages"}],"about":[{"href":"https:\/\/www.filduraz.fr\/index.php?rest_route=\/wp\/v2\/types\/page"}],"author":[{"embeddable":true,"href":"https:\/\/www.filduraz.fr\/index.php?rest_route=\/wp\/v2\/users\/1"}],"replies":[{"embeddable":true,"href":"https:\/\/www.filduraz.fr\/index.php?rest_route=%2Fwp%2Fv2%2Fcomments&post=1072"}],"version-history":[{"count":4,"href":"https:\/\/www.filduraz.fr\/index.php?rest_route=\/wp\/v2\/pages\/1072\/revisions"}],"predecessor-version":[{"id":1076,"href":"https:\/\/www.filduraz.fr\/index.php?rest_route=\/wp\/v2\/pages\/1072\/revisions\/1076"}],"wp:attachment":[{"href":"https:\/\/www.filduraz.fr\/index.php?rest_route=%2Fwp%2Fv2%2Fmedia&parent=1072"}],"curies":[{"name":"wp","href":"https:\/\/api.w.org\/{rel}","templated":true}]}}