{"id":1081,"date":"2026-04-26T12:10:01","date_gmt":"2026-04-26T10:10:01","guid":{"rendered":"https:\/\/www.filduraz.fr\/?page_id=1081"},"modified":"2026-04-26T12:11:56","modified_gmt":"2026-04-26T10:11:56","slug":"y-arriver-quand-meme","status":"publish","type":"page","link":"https:\/\/www.filduraz.fr\/?page_id=1081","title":{"rendered":"Y arriver quand m\u00eame"},"content":{"rendered":"\n<div class=\"wp-block-group has-contrast-dark-color has-text-color has-background has-link-color has-alegreya-font-family has-superbfont-tiny-font-size wp-elements-84d46f37a901cc1f62ab13f0e0d09f20 has-global-padding is-layout-constrained wp-container-core-group-is-layout-0feb1511 wp-block-group-is-layout-constrained\" style=\"background:radial-gradient(rgb(203,196,196) 0%,rgb(224,205,205) 31%,rgb(210,199,199) 69%,rgb(169,184,195) 100%);min-height:0px;padding-top:0;padding-right:var(--wp--preset--spacing--superbspacing-small);padding-bottom:0;padding-left:var(--wp--preset--spacing--superbspacing-small);font-style:normal;font-weight:400;line-height:2\">\n<p class=\"has-alegreya-font-family has-superbfont-small-font-size\">c\u2019est dans la mis\u00e8re que les pauvres h\u00e8res se rassemblent<\/p>\n\n\n\n<p class=\"has-alegreya-font-family has-superbfont-small-font-size\">quand \u00e7a va mal on survie pas longtemps tout seul<\/p>\n\n\n\n<p class=\"has-alegreya-font-family has-superbfont-small-font-size\">c\u2019est comme un r\u00e9flexe on appelle \u00e7a l\u2019instinct gr\u00e9gaire<\/p>\n\n\n\n<p class=\"has-alegreya-font-family has-superbfont-small-font-size\">\u00e7a pourrait m\u00eame amener \u00e0 dev\u2019nir solidaires<\/p>\n\n\n\n<p><\/p>\n\n\n\n<p class=\"has-alegreya-font-family has-superbfont-small-font-size\"><em>et c\u2019est pour \u00e7a qu\u2019on va y arriver quand m\u00eame<\/em><\/p>\n\n\n\n<p class=\"has-alegreya-font-family has-superbfont-small-font-size\"><em>parce qu\u2019on est un ou deux et trois et quatre<\/em><\/p>\n\n\n\n<p class=\"has-alegreya-font-family has-superbfont-small-font-size\"><em>et puis qu\u2019on s\u2019aime&nbsp;! <\/em><\/p>\n\n\n\n<p><\/p>\n\n\n\n<p class=\"has-alegreya-font-family has-superbfont-small-font-size\">Quand t\u2019as plus grand-chose tu t\u2019ouvres un peu plus au partage<\/p>\n\n\n\n<p class=\"has-alegreya-font-family has-superbfont-small-font-size\">voil\u00e0 ton cerveau qui enfin per\u00e7oit le message<\/p>\n\n\n\n<p class=\"has-alegreya-font-family has-superbfont-small-font-size\">comme s\u2019il fallait \u00eatre vraiment au bord du gouffre<\/p>\n\n\n\n<p class=\"has-alegreya-font-family has-superbfont-small-font-size\">pour sentir qu\u2019\u00e0 plusieurs on a plus chaud m\u00eame quand on souffre.<\/p>\n\n\n\n<p><\/p>\n\n\n\n<p class=\"has-alegreya-font-family has-superbfont-small-font-size\"><em>et c\u2019est pour \u00e7a qu\u2019on va y arriver quand m\u00eame<\/em><\/p>\n\n\n\n<p class=\"has-alegreya-font-family has-superbfont-small-font-size\"><em>parce qu\u2019on est un ou deux et trois et quatre<\/em><\/p>\n\n\n\n<p class=\"has-alegreya-font-family has-superbfont-small-font-size\"><em>et puis qu\u2019on s\u2019aime&nbsp;! <\/em><\/p>\n\n\n\n<p><\/p>\n\n\n\n<p class=\"has-alegreya-font-family has-superbfont-small-font-size\">Basta les jeux de nombrils et les autoportraits<\/p>\n\n\n\n<p class=\"has-alegreya-font-family has-superbfont-small-font-size\">Quelques soient nos marques on fait tous parti du b\u00e9tails<\/p>\n\n\n\n<p class=\"has-alegreya-font-family has-superbfont-small-font-size\">serrons les flancs portons nos voies fort et clair<\/p>\n\n\n\n<p class=\"has-alegreya-font-family has-superbfont-small-font-size\">pas besoin pour \u00e7a d\u2019avoir le m\u00eame uniforme<\/p>\n\n\n\n<p><\/p>\n\n\n\n<p class=\"has-alegreya-font-family has-superbfont-small-font-size\"><em>et c\u2019est pour \u00e7a qu\u2019on va y arriver quand m\u00eame<\/em><\/p>\n\n\n\n<p class=\"has-alegreya-font-family has-superbfont-small-font-size\"><em>parce qu\u2019on est un ou deux et trois et quatre<\/em><\/p>\n\n\n\n<p class=\"has-alegreya-font-family has-superbfont-small-font-size\"><em>et puis qu\u2019on s\u2019aime&nbsp;! <\/em><\/p>\n\n\n\n<p class=\"has-alegreya-font-family has-superbfont-small-font-size\"><\/p>\n\n\n\n<p class=\"has-alegreya-font-family has-superbfont-small-font-size\"><\/p>\n\n\n\n<p class=\"has-alegreya-font-family has-superbfont-small-font-size\"><\/p>\n<\/div>\n","protected":false},"excerpt":{"rendered":"<p>c\u2019est dans la mis\u00e8re que les pauvres h\u00e8res se rassemblent quand \u00e7a va mal on survie pas longtemps tout seul c\u2019est comme un r\u00e9flexe on appelle \u00e7a l\u2019instinct gr\u00e9gaire \u00e7a pourrait m\u00eame amener \u00e0 dev\u2019nir solidaires et c\u2019est pour \u00e7a qu\u2019on va y arriver quand m\u00eame parce qu\u2019on est un ou deux et trois et [&hellip;]<\/p>\n","protected":false},"author":1,"featured_media":0,"parent":0,"menu_order":0,"comment_status":"closed","ping_status":"closed","template":"","meta":{"footnotes":""},"class_list":["post-1081","page","type-page","status-publish","hentry"],"_links":{"self":[{"href":"https:\/\/www.filduraz.fr\/index.php?rest_route=\/wp\/v2\/pages\/1081","targetHints":{"allow":["GET"]}}],"collection":[{"href":"https:\/\/www.filduraz.fr\/index.php?rest_route=\/wp\/v2\/pages"}],"about":[{"href":"https:\/\/www.filduraz.fr\/index.php?rest_route=\/wp\/v2\/types\/page"}],"author":[{"embeddable":true,"href":"https:\/\/www.filduraz.fr\/index.php?rest_route=\/wp\/v2\/users\/1"}],"replies":[{"embeddable":true,"href":"https:\/\/www.filduraz.fr\/index.php?rest_route=%2Fwp%2Fv2%2Fcomments&post=1081"}],"version-history":[{"count":3,"href":"https:\/\/www.filduraz.fr\/index.php?rest_route=\/wp\/v2\/pages\/1081\/revisions"}],"predecessor-version":[{"id":1084,"href":"https:\/\/www.filduraz.fr\/index.php?rest_route=\/wp\/v2\/pages\/1081\/revisions\/1084"}],"wp:attachment":[{"href":"https:\/\/www.filduraz.fr\/index.php?rest_route=%2Fwp%2Fv2%2Fmedia&parent=1081"}],"curies":[{"name":"wp","href":"https:\/\/api.w.org\/{rel}","templated":true}]}}