{"id":1086,"date":"2026-04-26T12:18:34","date_gmt":"2026-04-26T10:18:34","guid":{"rendered":"https:\/\/www.filduraz.fr\/?page_id=1086"},"modified":"2026-04-26T12:18:34","modified_gmt":"2026-04-26T10:18:34","slug":"une-fenetre-de-tir","status":"publish","type":"page","link":"https:\/\/www.filduraz.fr\/?page_id=1086","title":{"rendered":"Une fen\u00eatre de tir"},"content":{"rendered":"\n<div class=\"wp-block-group has-contrast-dark-color has-text-color has-background has-link-color has-alegreya-font-family has-superbfont-tiny-font-size wp-elements-ac05023176d3e8ed4dfcaeb5ccba5d12 has-global-padding is-layout-constrained wp-container-core-group-is-layout-0feb1511 wp-block-group-is-layout-constrained\" style=\"background:radial-gradient(rgb(203,196,196) 0%,rgb(224,205,205) 31%,rgb(210,199,199) 69%,rgb(169,184,195) 100%);min-height:0px;padding-top:0;padding-right:var(--wp--preset--spacing--superbspacing-small);padding-bottom:0;padding-left:var(--wp--preset--spacing--superbspacing-small);font-style:normal;font-weight:400;line-height:2\">\n<p class=\"has-alegreya-font-family has-superbfont-small-font-size\">Pourquoi que j\u2019continuerai \u00e0 croire en tout \u00e7a<\/p>\n\n\n\n<p class=\"has-alegreya-font-family has-superbfont-small-font-size\">\u00e0 faire comme ci \u00e0 faire comme \u00e7a<\/p>\n\n\n\n<p class=\"has-alegreya-font-family has-superbfont-small-font-size\">tous les matins remettre mes pas dans mes pas<\/p>\n\n\n\n<p class=\"has-alegreya-font-family has-superbfont-small-font-size\">sans chemin et sans voix<\/p>\n\n\n\n<p><\/p>\n\n\n\n<p class=\"has-alegreya-font-family has-superbfont-small-font-size\">est-ce qu\u2019il reste quelque part<\/p>\n\n\n\n<p class=\"has-alegreya-font-family has-superbfont-small-font-size\">une fen\u00eatre de tir autre que d\u2019attendre le pire<\/p>\n\n\n\n<p><\/p>\n\n\n\n<p class=\"has-alegreya-font-family has-superbfont-small-font-size\">Pourquoi qu\u2019j\u2019\u00e9couterai encore les mots et les chants<\/p>\n\n\n\n<p class=\"has-alegreya-font-family has-superbfont-small-font-size\">\u00e0 faire des plans \u00e0 faire du vent<\/p>\n\n\n\n<p class=\"has-alegreya-font-family has-superbfont-small-font-size\">tout les matins remettre le couvert en somme<\/p>\n\n\n\n<p class=\"has-alegreya-font-family has-superbfont-small-font-size\">sans fanfare ni trombone<\/p>\n\n\n\n<p><\/p>\n\n\n\n<p class=\"has-alegreya-font-family has-superbfont-small-font-size\">est-ce qu\u2019il reste quelque part<\/p>\n\n\n\n<p class=\"has-alegreya-font-family has-superbfont-small-font-size\">une fen\u00eatre de tir autre que d\u2019attendre le pire<\/p>\n\n\n\n<p class=\"has-alegreya-font-family has-superbfont-small-font-size\"><\/p>\n\n\n\n<p class=\"has-alegreya-font-family has-superbfont-small-font-size\">sur le bord y a d\u2019plus en plus de monde arr\u00eat\u00e9s<\/p>\n\n\n\n<p class=\"has-alegreya-font-family has-superbfont-small-font-size\">\u00e9reint\u00e9s, oubli\u00e9s<\/p>\n\n\n\n<p class=\"has-alegreya-font-family has-superbfont-small-font-size\">s\u00f9r qu\u2019au nord il n\u2019y aura pas d\u2019place pour tout le monde<\/p>\n\n\n\n<p class=\"has-alegreya-font-family has-superbfont-small-font-size\">quand le monde aura pris feu<\/p>\n\n\n\n<p><\/p>\n\n\n\n<p class=\"has-alegreya-font-family has-superbfont-small-font-size\">est-ce qu\u2019il reste quelque part<\/p>\n\n\n\n<p class=\"has-alegreya-font-family has-superbfont-small-font-size\">une fen\u00eatre de tir autre que d\u2019attendre le pire<\/p>\n<\/div>\n","protected":false},"excerpt":{"rendered":"<p>Pourquoi que j\u2019continuerai \u00e0 croire en tout \u00e7a \u00e0 faire comme ci \u00e0 faire comme \u00e7a tous les matins remettre mes pas dans mes pas sans chemin et sans voix est-ce qu\u2019il reste quelque part une fen\u00eatre de tir autre que d\u2019attendre le pire Pourquoi qu\u2019j\u2019\u00e9couterai encore les mots et les chants \u00e0 faire des [&hellip;]<\/p>\n","protected":false},"author":1,"featured_media":0,"parent":0,"menu_order":0,"comment_status":"closed","ping_status":"closed","template":"","meta":{"footnotes":""},"class_list":["post-1086","page","type-page","status-publish","hentry"],"_links":{"self":[{"href":"https:\/\/www.filduraz.fr\/index.php?rest_route=\/wp\/v2\/pages\/1086","targetHints":{"allow":["GET"]}}],"collection":[{"href":"https:\/\/www.filduraz.fr\/index.php?rest_route=\/wp\/v2\/pages"}],"about":[{"href":"https:\/\/www.filduraz.fr\/index.php?rest_route=\/wp\/v2\/types\/page"}],"author":[{"embeddable":true,"href":"https:\/\/www.filduraz.fr\/index.php?rest_route=\/wp\/v2\/users\/1"}],"replies":[{"embeddable":true,"href":"https:\/\/www.filduraz.fr\/index.php?rest_route=%2Fwp%2Fv2%2Fcomments&post=1086"}],"version-history":[{"count":1,"href":"https:\/\/www.filduraz.fr\/index.php?rest_route=\/wp\/v2\/pages\/1086\/revisions"}],"predecessor-version":[{"id":1087,"href":"https:\/\/www.filduraz.fr\/index.php?rest_route=\/wp\/v2\/pages\/1086\/revisions\/1087"}],"wp:attachment":[{"href":"https:\/\/www.filduraz.fr\/index.php?rest_route=%2Fwp%2Fv2%2Fmedia&parent=1086"}],"curies":[{"name":"wp","href":"https:\/\/api.w.org\/{rel}","templated":true}]}}