{"id":1090,"date":"2026-04-26T12:27:07","date_gmt":"2026-04-26T10:27:07","guid":{"rendered":"https:\/\/www.filduraz.fr\/?page_id=1090"},"modified":"2026-04-26T12:27:07","modified_gmt":"2026-04-26T10:27:07","slug":"changer-le-jeu","status":"publish","type":"page","link":"https:\/\/www.filduraz.fr\/?page_id=1090","title":{"rendered":"Changer le jeu"},"content":{"rendered":"\n<div class=\"wp-block-group has-contrast-dark-color has-text-color has-background has-link-color has-alegreya-font-family has-superbfont-tiny-font-size wp-elements-ac0c09fcc91b3464d95307076c750669 has-global-padding is-layout-constrained wp-container-core-group-is-layout-0feb1511 wp-block-group-is-layout-constrained\" style=\"background:radial-gradient(rgb(203,196,196) 0%,rgb(224,205,205) 31%,rgb(210,199,199) 69%,rgb(169,184,195) 100%);min-height:0px;padding-top:0;padding-right:var(--wp--preset--spacing--superbspacing-small);padding-bottom:0;padding-left:var(--wp--preset--spacing--superbspacing-small);font-style:normal;font-weight:400;line-height:2\">\n<p class=\"has-alegreya-font-family has-superbfont-small-font-size\">De longues logorrh\u00e9es indigestes<\/p>\n\n\n\n<p class=\"has-alegreya-font-family has-superbfont-small-font-size\">En miroir, des nombrils trop nourris<\/p>\n\n\n\n<p class=\"has-alegreya-font-family has-superbfont-small-font-size\">En d\u00e9co des discours les m\u00eames gestes<\/p>\n\n\n\n<p class=\"has-alegreya-font-family has-superbfont-small-font-size\">En surfaces en en creux , le vide<\/p>\n\n\n\n<p><\/p>\n\n\n\n<p class=\"has-alegreya-font-family has-superbfont-small-font-size\">L\u2019envie s\u2019en va et revient la col\u00e8re<\/p>\n\n\n\n<p class=\"has-alegreya-font-family has-superbfont-small-font-size\">se glisser de profil arr\u00eater le jeu.<\/p>\n\n\n\n<p><\/p>\n\n\n\n<p class=\"has-alegreya-font-family has-superbfont-small-font-size\">Tant et tant d\u2019occasions perdues de se taire<\/p>\n\n\n\n<p class=\"has-alegreya-font-family has-superbfont-small-font-size\">Fragiles secondes de vie jet\u00e9es Par poign\u00e9es<\/p>\n\n\n\n<p class=\"has-alegreya-font-family has-superbfont-small-font-size\">De retraites en d\u00e9routes \u00e9puis\u00e9<\/p>\n\n\n\n<p class=\"has-alegreya-font-family has-superbfont-small-font-size\">Par ce clan de pantins ridicules<\/p>\n\n\n\n<p><\/p>\n\n\n\n<p class=\"has-alegreya-font-family has-superbfont-small-font-size\">L\u2019envie s\u2019en va et revient la col\u00e8re<\/p>\n\n\n\n<p class=\"has-alegreya-font-family has-superbfont-small-font-size\">se glisser de profil arr\u00eater le jeu.<\/p>\n\n\n\n<p class=\"has-alegreya-font-family has-superbfont-small-font-size\">L\u2019envie s\u2019en va se glisser de profil<\/p>\n\n\n\n<p class=\"has-alegreya-font-family has-superbfont-small-font-size\">arr\u00eater la col\u00e8re changer de jeu<\/p>\n\n\n\n<p><\/p>\n<\/div>\n","protected":false},"excerpt":{"rendered":"<p>De longues logorrh\u00e9es indigestes En miroir, des nombrils trop nourris En d\u00e9co des discours les m\u00eames gestes En surfaces en en creux , le vide L\u2019envie s\u2019en va et revient la col\u00e8re se glisser de profil arr\u00eater le jeu. Tant et tant d\u2019occasions perdues de se taire Fragiles secondes de vie jet\u00e9es Par poign\u00e9es De [&hellip;]<\/p>\n","protected":false},"author":1,"featured_media":0,"parent":0,"menu_order":0,"comment_status":"closed","ping_status":"closed","template":"","meta":{"footnotes":""},"class_list":["post-1090","page","type-page","status-publish","hentry"],"_links":{"self":[{"href":"https:\/\/www.filduraz.fr\/index.php?rest_route=\/wp\/v2\/pages\/1090","targetHints":{"allow":["GET"]}}],"collection":[{"href":"https:\/\/www.filduraz.fr\/index.php?rest_route=\/wp\/v2\/pages"}],"about":[{"href":"https:\/\/www.filduraz.fr\/index.php?rest_route=\/wp\/v2\/types\/page"}],"author":[{"embeddable":true,"href":"https:\/\/www.filduraz.fr\/index.php?rest_route=\/wp\/v2\/users\/1"}],"replies":[{"embeddable":true,"href":"https:\/\/www.filduraz.fr\/index.php?rest_route=%2Fwp%2Fv2%2Fcomments&post=1090"}],"version-history":[{"count":1,"href":"https:\/\/www.filduraz.fr\/index.php?rest_route=\/wp\/v2\/pages\/1090\/revisions"}],"predecessor-version":[{"id":1091,"href":"https:\/\/www.filduraz.fr\/index.php?rest_route=\/wp\/v2\/pages\/1090\/revisions\/1091"}],"wp:attachment":[{"href":"https:\/\/www.filduraz.fr\/index.php?rest_route=%2Fwp%2Fv2%2Fmedia&parent=1090"}],"curies":[{"name":"wp","href":"https:\/\/api.w.org\/{rel}","templated":true}]}}