{"id":1096,"date":"2026-04-26T12:38:59","date_gmt":"2026-04-26T10:38:59","guid":{"rendered":"https:\/\/www.filduraz.fr\/?page_id=1096"},"modified":"2026-04-26T12:38:59","modified_gmt":"2026-04-26T10:38:59","slug":"chroniques-lunaires","status":"publish","type":"page","link":"https:\/\/www.filduraz.fr\/?page_id=1096","title":{"rendered":"Chroniques lunaires"},"content":{"rendered":"\n<div class=\"wp-block-group has-contrast-dark-color has-text-color has-background has-link-color has-alegreya-font-family has-superbfont-tiny-font-size wp-elements-1407744ffefadfb23398673c197c3b49 has-global-padding is-layout-constrained wp-container-core-group-is-layout-0feb1511 wp-block-group-is-layout-constrained\" style=\"background:radial-gradient(rgb(203,196,196) 0%,rgb(224,205,205) 31%,rgb(210,199,199) 69%,rgb(169,184,195) 100%);min-height:0px;padding-top:0;padding-right:var(--wp--preset--spacing--superbspacing-small);padding-bottom:0;padding-left:var(--wp--preset--spacing--superbspacing-small);font-style:normal;font-weight:400;line-height:2\">\n<p class=\"has-alegreya-font-family has-superbfont-small-font-size\">J\u2019ai rassembl\u00e9 mon c\u0153ur \u00e9pars et mon ventre chavir\u00e9<\/p>\n\n\n\n<p class=\"has-alegreya-font-family has-superbfont-small-font-size\">en un soleil de granit dur et ardent, noy\u00e9 mes pens\u00e9es dans un torrent de musique, plant\u00e9 mes jambes en croix et affermi mes pas.<\/p>\n\n\n\n<p class=\"has-alegreya-font-family has-superbfont-small-font-size\">Je suis partie\u2026<\/p>\n\n\n\n<p class=\"has-alegreya-font-family has-superbfont-small-font-size\">Sans d\u00e9tourner le regard<\/p>\n\n\n\n<p class=\"has-alegreya-font-family has-superbfont-small-font-size\">vers la voix lact\u00e9e.<\/p>\n\n\n\n<p class=\"has-alegreya-font-family has-superbfont-small-font-size\"><\/p>\n\n\n\n<p class=\"has-alegreya-font-family has-superbfont-small-font-size\">Ma terre petit \u00e0 petit s\u2019est effiloch\u00e9e&#8230;<\/p>\n\n\n\n<p class=\"has-alegreya-font-family has-superbfont-small-font-size\">Solitaire dans le d\u00e9sert d\u2019asphalte j\u2019ai vu les kilom\u00e8tres d\u00e9filer par le hublot de la machine m\u00e9tallis\u00e9e\u2026<\/p>\n\n\n\n<p class=\"has-alegreya-font-family has-superbfont-small-font-size\">J\u2019ai travers\u00e9 les \u00e9tendues interstellaires parsem\u00e9es d\u2019\u00e9toiles vertes touffues, humides,<\/p>\n\n\n\n<p class=\"has-alegreya-font-family has-superbfont-small-font-size\">long\u00e9 des plan\u00e8tes chauves, jaunies et torrides\u2026<\/p>\n\n\n\n<p class=\"has-alegreya-font-family has-superbfont-small-font-size\">La t\u00eate \u00e0 l\u2019envers, La t\u00eate \u00e0 l\u2019envers, La t\u00eate \u00e0 l\u2019envers<\/p>\n\n\n\n<p class=\"has-alegreya-font-family has-superbfont-small-font-size\"><\/p>\n\n\n\n<p class=\"has-alegreya-font-family has-superbfont-small-font-size\"><br>Je me suis repos\u00e9e dans des stations tranquilles lov\u00e9es aux d\u00e9tours de chemins sinueux.<\/p>\n\n\n\n<p class=\"has-alegreya-font-family has-superbfont-small-font-size\">La t\u00eate \u00e0 l\u2019envers (ter)<\/p>\n\n\n\n<p class=\"has-alegreya-font-family has-superbfont-small-font-size\">Je me suis pench\u00e9e vers la Terre au dessous de moi.<\/p>\n\n\n\n<p class=\"has-alegreya-font-family has-superbfont-small-font-size\">Le c\u0153ur en \u00e9moi<\/p>\n\n\n\n<p class=\"has-alegreya-font-family has-superbfont-small-font-size\">je l\u2019ai observ\u00e9 au loin<\/p>\n\n\n\n<p class=\"has-alegreya-font-family has-superbfont-small-font-size\">Semblable \u00e0 une t\u00eate d\u2019\u00e9pingle<\/p>\n\n\n\n<p class=\"has-alegreya-font-family has-superbfont-small-font-size\">fich\u00e9e dans les t\u00e9n\u00e8bres\u2026<\/p>\n\n\n\n<p class=\"has-text-align-right has-alegreya-font-family has-superbfont-xsmall-font-size\"><em><strong>Annie Puget Dos Santos<\/strong><\/em><\/p>\n<\/div>\n","protected":false},"excerpt":{"rendered":"<p>J\u2019ai rassembl\u00e9 mon c\u0153ur \u00e9pars et mon ventre chavir\u00e9 en un soleil de granit dur et ardent, noy\u00e9 mes pens\u00e9es dans un torrent de musique, plant\u00e9 mes jambes en croix et affermi mes pas. Je suis partie\u2026 Sans d\u00e9tourner le regard vers la voix lact\u00e9e. Ma terre petit \u00e0 petit s\u2019est effiloch\u00e9e&#8230; Solitaire dans le [&hellip;]<\/p>\n","protected":false},"author":1,"featured_media":0,"parent":0,"menu_order":0,"comment_status":"closed","ping_status":"closed","template":"","meta":{"footnotes":""},"class_list":["post-1096","page","type-page","status-publish","hentry"],"_links":{"self":[{"href":"https:\/\/www.filduraz.fr\/index.php?rest_route=\/wp\/v2\/pages\/1096","targetHints":{"allow":["GET"]}}],"collection":[{"href":"https:\/\/www.filduraz.fr\/index.php?rest_route=\/wp\/v2\/pages"}],"about":[{"href":"https:\/\/www.filduraz.fr\/index.php?rest_route=\/wp\/v2\/types\/page"}],"author":[{"embeddable":true,"href":"https:\/\/www.filduraz.fr\/index.php?rest_route=\/wp\/v2\/users\/1"}],"replies":[{"embeddable":true,"href":"https:\/\/www.filduraz.fr\/index.php?rest_route=%2Fwp%2Fv2%2Fcomments&post=1096"}],"version-history":[{"count":1,"href":"https:\/\/www.filduraz.fr\/index.php?rest_route=\/wp\/v2\/pages\/1096\/revisions"}],"predecessor-version":[{"id":1097,"href":"https:\/\/www.filduraz.fr\/index.php?rest_route=\/wp\/v2\/pages\/1096\/revisions\/1097"}],"wp:attachment":[{"href":"https:\/\/www.filduraz.fr\/index.php?rest_route=%2Fwp%2Fv2%2Fmedia&parent=1096"}],"curies":[{"name":"wp","href":"https:\/\/api.w.org\/{rel}","templated":true}]}}