{"id":17,"date":"2024-03-03T12:02:40","date_gmt":"2024-03-03T11:02:40","guid":{"rendered":"https:\/\/www.rgimagesettextes.art\/?page_id=17"},"modified":"2025-11-18T16:23:34","modified_gmt":"2025-11-18T15:23:34","slug":"bonjour","status":"publish","type":"page","link":"https:\/\/www.filduraz.fr\/","title":{"rendered":""},"content":{"rendered":"\n<div class=\"wp-block-columns alignwide is-layout-flex wp-container-core-columns-is-layout-28f84493 wp-block-columns-is-layout-flex\">\n<div class=\"wp-block-column is-layout-flow wp-block-column-is-layout-flow\"><\/div>\n<\/div>\n\n\n\n<p><\/p>\n","protected":false},"excerpt":{"rendered":"<p>Vous trouverez ici :<br \/>\nDes images \u00e0 partir de dessins r\u00e9alis\u00e9s \u00e0 l&rsquo;encre ou de photographie retouch\u00e9es, tritur\u00e9es, tortur\u00e9es ensuite longuement par mes soins.<br \/>\nDes textes , novelas, textes \u00ab\u00a0pouet tiques\u00a0\u00bb, chansons.<br \/>\nDu sons.<\/p>\n","protected":false},"author":1,"featured_media":0,"parent":0,"menu_order":0,"comment_status":"closed","ping_status":"closed","template":"","meta":{"footnotes":""},"class_list":["post-17","page","type-page","status-publish","hentry"],"_links":{"self":[{"href":"https:\/\/www.filduraz.fr\/index.php?rest_route=\/wp\/v2\/pages\/17","targetHints":{"allow":["GET"]}}],"collection":[{"href":"https:\/\/www.filduraz.fr\/index.php?rest_route=\/wp\/v2\/pages"}],"about":[{"href":"https:\/\/www.filduraz.fr\/index.php?rest_route=\/wp\/v2\/types\/page"}],"author":[{"embeddable":true,"href":"https:\/\/www.filduraz.fr\/index.php?rest_route=\/wp\/v2\/users\/1"}],"replies":[{"embeddable":true,"href":"https:\/\/www.filduraz.fr\/index.php?rest_route=%2Fwp%2Fv2%2Fcomments&post=17"}],"version-history":[{"count":19,"href":"https:\/\/www.filduraz.fr\/index.php?rest_route=\/wp\/v2\/pages\/17\/revisions"}],"predecessor-version":[{"id":823,"href":"https:\/\/www.filduraz.fr\/index.php?rest_route=\/wp\/v2\/pages\/17\/revisions\/823"}],"wp:attachment":[{"href":"https:\/\/www.filduraz.fr\/index.php?rest_route=%2Fwp%2Fv2%2Fmedia&parent=17"}],"curies":[{"name":"wp","href":"https:\/\/api.w.org\/{rel}","templated":true}]}}