{"id":269,"date":"2024-03-04T12:31:42","date_gmt":"2024-03-04T11:31:42","guid":{"rendered":"https:\/\/www.rgimagesettextes.art\/?page_id=269"},"modified":"2026-04-26T12:45:50","modified_gmt":"2026-04-26T10:45:50","slug":"le-chemin","status":"publish","type":"page","link":"https:\/\/www.filduraz.fr\/?page_id=269","title":{"rendered":"Chansons"},"content":{"rendered":"\n<div class=\"wp-block-columns is-layout-flex wp-container-core-columns-is-layout-28f84493 wp-block-columns-is-layout-flex\">\n<div class=\"wp-block-column is-layout-flow wp-block-column-is-layout-flow\">\n<p class=\"has-base-color has-text-color has-link-color wp-elements-b21d71fce17186b95ef4ba25b06786a4\"><a href=\"https:\/\/www.filduraz.fr\/?page_id=315\" data-type=\"page\" data-id=\"315\"><strong>Que reste-t-il<\/strong><\/a><\/p>\n\n\n\n<p class=\"has-base-color has-text-color has-link-color wp-elements-b8b9ffd4c2b5da0d4dad3ece7ede98ee\"><a href=\"https:\/\/www.filduraz.fr\/?page_id=1006\" data-type=\"page\" data-id=\"1006\"><strong>Les nuits trop courtes<\/strong><\/a><\/p>\n\n\n\n<p class=\"has-base-color has-text-color has-link-color wp-elements-1c856dc0a698d17899e071378803eb26\"><a href=\"https:\/\/www.filduraz.fr\/?page_id=1048\" data-type=\"page\" data-id=\"1048\"><strong>Qu&rsquo;il est dur ce regard<\/strong><\/a><\/p>\n\n\n\n<p class=\"has-base-color has-text-color has-link-color wp-elements-f325d8ca8f638ce7363c555e9d8db179\"><a href=\"https:\/\/www.filduraz.fr\/?page_id=1062\" data-type=\"page\" data-id=\"1062\"><strong>Soliloque<\/strong><\/a><\/p>\n\n\n\n<p class=\"has-base-color has-text-color has-link-color wp-elements-145b4f76e110f8467831ac3a6d5680b9\"><a href=\"https:\/\/www.filduraz.fr\/?page_id=1072\" data-type=\"page\" data-id=\"1072\"><strong>Pommes<\/strong><\/a><\/p>\n\n\n\n<p class=\"has-base-color has-text-color has-link-color wp-elements-a5e8f92ebb509a3e83aad815d2f3e9d6\"><a href=\"https:\/\/www.filduraz.fr\/?page_id=1081\" data-type=\"page\" data-id=\"1081\"><strong>on va y arriver quand m\u00eame<\/strong><\/a><\/p>\n\n\n\n<p class=\"has-base-color has-text-color has-link-color wp-elements-4b9d95cb1f5dbfacce05356d326848ff\"><a href=\"https:\/\/www.filduraz.fr\/?page_id=1090\" data-type=\"page\" data-id=\"1090\"><strong>Changer le jeu<\/strong><\/a><\/p>\n\n\n\n<p class=\"has-base-color has-text-color has-link-color wp-elements-fcf5852be2c32daa2780012f29ca7966\"><a href=\"https:\/\/www.filduraz.fr\/?page_id=1096\" data-type=\"page\" data-id=\"1096\"><strong>Chroniques lunaires<\/strong><\/a><\/p>\n<\/div>\n\n\n\n<div class=\"wp-block-column is-layout-flow wp-block-column-is-layout-flow\">\n<p class=\"has-base-color has-text-color has-link-color wp-elements-80e292dc8b6a50b6b16988e65135c49b\"><strong><a href=\"https:\/\/www.filduraz.fr\/?page_id=1001\" data-type=\"page\" data-id=\"1001\">Avant l\u2019abri<\/a><\/strong><\/p>\n\n\n\n<p class=\"has-base-color has-text-color has-link-color wp-elements-1c5e726c796b5c15417ca92ec18a852b\"><a href=\"https:\/\/www.filduraz.fr\/?page_id=1040\" data-type=\"page\" data-id=\"1040\"><strong>Plonger<\/strong><\/a><\/p>\n\n\n\n<p class=\"has-base-color has-text-color has-link-color wp-elements-a4393bff598e522b3acc2a41538d4c00\"><a href=\"https:\/\/www.filduraz.fr\/?page_id=1056\" data-type=\"page\" data-id=\"1056\"><strong>Tu t&rsquo;en vas<\/strong><\/a><\/p>\n\n\n\n<p class=\"has-base-color has-text-color has-link-color wp-elements-b2571d26fd92b16d81ffea6b85ffae55\"><a href=\"https:\/\/www.filduraz.fr\/?page_id=1068\" data-type=\"page\" data-id=\"1068\"><strong>Encore envie<\/strong><\/a><\/p>\n\n\n\n<p class=\"has-base-color has-text-color has-link-color wp-elements-8761ebd9e37add08f871da89f6d17b8f\"><a href=\"https:\/\/www.filduraz.fr\/?page_id=1078\" data-type=\"page\" data-id=\"1078\"><strong>Tout peut s&rsquo;\u00e9crire, encore<\/strong><\/a><\/p>\n\n\n\n<p class=\"has-base-color has-text-color has-link-color wp-elements-ab6a606297ee522ff950c3b586b88d56\"><a href=\"https:\/\/www.filduraz.fr\/?page_id=1086\" data-type=\"page\" data-id=\"1086\"><strong>Une fen\u00eatre de tir<\/strong><\/a><\/p>\n\n\n\n<p class=\"has-base-color has-text-color has-link-color wp-elements-2a582492a4fa0a454ecefa77b6a45d21\"><a href=\"https:\/\/www.filduraz.fr\/?page_id=1093\" data-type=\"page\" data-id=\"1093\"><strong>Et si s&rsquo;\u00e9tait la m\u00eame chose<\/strong><\/a><\/p>\n\n\n\n<p class=\"has-base-color has-text-color has-link-color wp-elements-c886f0f90eda016c6d007ae9fddc2136\"><a href=\"https:\/\/www.filduraz.fr\/?page_id=1099\" data-type=\"page\" data-id=\"1099\"><strong>Tous ceux<\/strong><\/a><\/p>\n<\/div>\n<\/div>\n","protected":false},"excerpt":{"rendered":"<p>Que reste-t-il Les nuits trop courtes Qu&rsquo;il est dur ce regard Soliloque Pommes on va y arriver quand m\u00eame Changer le jeu Chroniques lunaires Avant l\u2019abri Plonger Tu t&rsquo;en vas Encore envie Tout peut s&rsquo;\u00e9crire, encore Une fen\u00eatre de tir Et si s&rsquo;\u00e9tait la m\u00eame chose Tous ceux<\/p>\n","protected":false},"author":1,"featured_media":0,"parent":0,"menu_order":0,"comment_status":"closed","ping_status":"closed","template":"","meta":{"footnotes":""},"class_list":["post-269","page","type-page","status-publish","hentry"],"_links":{"self":[{"href":"https:\/\/www.filduraz.fr\/index.php?rest_route=\/wp\/v2\/pages\/269","targetHints":{"allow":["GET"]}}],"collection":[{"href":"https:\/\/www.filduraz.fr\/index.php?rest_route=\/wp\/v2\/pages"}],"about":[{"href":"https:\/\/www.filduraz.fr\/index.php?rest_route=\/wp\/v2\/types\/page"}],"author":[{"embeddable":true,"href":"https:\/\/www.filduraz.fr\/index.php?rest_route=\/wp\/v2\/users\/1"}],"replies":[{"embeddable":true,"href":"https:\/\/www.filduraz.fr\/index.php?rest_route=%2Fwp%2Fv2%2Fcomments&post=269"}],"version-history":[{"count":45,"href":"https:\/\/www.filduraz.fr\/index.php?rest_route=\/wp\/v2\/pages\/269\/revisions"}],"predecessor-version":[{"id":1102,"href":"https:\/\/www.filduraz.fr\/index.php?rest_route=\/wp\/v2\/pages\/269\/revisions\/1102"}],"wp:attachment":[{"href":"https:\/\/www.filduraz.fr\/index.php?rest_route=%2Fwp%2Fv2%2Fmedia&parent=269"}],"curies":[{"name":"wp","href":"https:\/\/api.w.org\/{rel}","templated":true}]}}