{"id":40,"date":"2024-03-03T12:32:50","date_gmt":"2024-03-03T11:32:50","guid":{"rendered":"https:\/\/www.rgimagesettextes.art\/?page_id=40"},"modified":"2026-04-26T02:07:54","modified_gmt":"2026-04-26T00:07:54","slug":"images","status":"publish","type":"page","link":"https:\/\/www.filduraz.fr\/?page_id=40","title":{"rendered":"Images"},"content":{"rendered":"\n<div class=\"wp-block-columns is-layout-flex wp-container-core-columns-is-layout-28f84493 wp-block-columns-is-layout-flex\">\n<div class=\"wp-block-column is-layout-flow wp-block-column-is-layout-flow\">\n<p class=\"has-link-color has-fontprimary-font-family has-superbfont-medium-font-size wp-elements-f2eb37b746c1e4b93c517328074b3715\" style=\"font-style:normal;font-weight:700\"><a href=\"https:\/\/www.filduraz.fr\/?page_id=172\">\u00ab\u00a0A l&rsquo;affiche ..\u00a0\u00bb<\/a> sont des images fabriqu\u00e9es \u00e0 partir de photos de superposition d&rsquo;affiches devant des commerces ferm\u00e9s.<\/p>\n<\/div>\n<\/div>\n\n\n\n<div class=\"wp-block-columns is-layout-flex wp-container-core-columns-is-layout-28f84493 wp-block-columns-is-layout-flex\">\n<div class=\"wp-block-column is-layout-flow wp-block-column-is-layout-flow\">\n<p class=\"has-contrast-dark-color has-text-color has-link-color has-fontprimary-font-family has-superbfont-medium-font-size wp-elements-f218778e996f8cff7914c328c58cf3a0\"><a href=\"https:\/\/www.filduraz.fr\/?page_id=198\"><strong>Huiles sur <\/strong><\/a><strong><a href=\"https:\/\/www.filduraz.fr\/?page_id=198\">toile<\/a><\/strong><\/p>\n<\/div>\n\n\n\n<div class=\"wp-block-column is-layout-flow wp-block-column-is-layout-flow\">\n<p class=\"has-contrast-dark-color has-text-color has-link-color has-superbfont-medium-font-size wp-elements-f17205a9b490a2f92fcec0bd8570ffc4\"><strong><a href=\"https:\/\/www.rgimagesettextes.art\/?page_id=202\"><\/a><a href=\"https:\/\/www.rgimagesettextes.art\/?page_id=412\">J<\/a><a href=\"https:\/\/www.filduraz.fr\/?page_id=412\" target=\"_blank\" rel=\"noreferrer noopener\">eu de cartes<\/a><\/strong><\/p>\n<\/div>\n<\/div>\n\n\n\n<div class=\"wp-block-columns is-layout-flex wp-container-core-columns-is-layout-28f84493 wp-block-columns-is-layout-flex\">\n<div class=\"wp-block-column is-layout-flow wp-block-column-is-layout-flow\">\n<p class=\"has-contrast-dark-color has-text-color has-link-color has-fontprimary-font-family has-superbfont-medium-font-size wp-elements-3e85e9c67b2b2d4e6782aceaa099499c\"><a href=\"https:\/\/www.rgimagesettextes.art\/?page_id=202\"><strong>Archives Dessins<\/strong><\/a><\/p>\n<\/div>\n\n\n\n<div class=\"wp-block-column is-layout-flow wp-block-column-is-layout-flow\"><\/div>\n\n\n\n<div class=\"wp-block-column is-layout-flow wp-block-column-is-layout-flow\"><\/div>\n<\/div>\n\n\n\n<p><\/p>\n","protected":false},"excerpt":{"rendered":"<p>\u00ab\u00a0A l&rsquo;affiche ..\u00a0\u00bb sont des images fabriqu\u00e9es \u00e0 partir de photos de superposition d&rsquo;affiches devant des commerces ferm\u00e9s. Huiles sur toile Jeu de cartes Archives Dessins<\/p>\n","protected":false},"author":1,"featured_media":0,"parent":0,"menu_order":0,"comment_status":"closed","ping_status":"closed","template":"","meta":{"footnotes":""},"class_list":["post-40","page","type-page","status-publish","hentry"],"_links":{"self":[{"href":"https:\/\/www.filduraz.fr\/index.php?rest_route=\/wp\/v2\/pages\/40","targetHints":{"allow":["GET"]}}],"collection":[{"href":"https:\/\/www.filduraz.fr\/index.php?rest_route=\/wp\/v2\/pages"}],"about":[{"href":"https:\/\/www.filduraz.fr\/index.php?rest_route=\/wp\/v2\/types\/page"}],"author":[{"embeddable":true,"href":"https:\/\/www.filduraz.fr\/index.php?rest_route=\/wp\/v2\/users\/1"}],"replies":[{"embeddable":true,"href":"https:\/\/www.filduraz.fr\/index.php?rest_route=%2Fwp%2Fv2%2Fcomments&post=40"}],"version-history":[{"count":73,"href":"https:\/\/www.filduraz.fr\/index.php?rest_route=\/wp\/v2\/pages\/40\/revisions"}],"predecessor-version":[{"id":1038,"href":"https:\/\/www.filduraz.fr\/index.php?rest_route=\/wp\/v2\/pages\/40\/revisions\/1038"}],"wp:attachment":[{"href":"https:\/\/www.filduraz.fr\/index.php?rest_route=%2Fwp%2Fv2%2Fmedia&parent=40"}],"curies":[{"name":"wp","href":"https:\/\/api.w.org\/{rel}","templated":true}]}}