{"id":512,"date":"2024-03-08T18:56:58","date_gmt":"2024-03-08T17:56:58","guid":{"rendered":"https:\/\/www.rgimagesettextes.art\/?page_id=512"},"modified":"2026-04-26T00:21:53","modified_gmt":"2026-04-25T22:21:53","slug":"rg","status":"publish","type":"page","link":"https:\/\/www.filduraz.fr\/?page_id=512","title":{"rendered":"RG"},"content":{"rendered":"\n<div style=\"height:30px\" aria-hidden=\"true\" class=\"wp-block-spacer\"><\/div>\n\n\n<p><span style=\"font-family: andale mono, monospace; color: #ffff00; font-size: 12pt;\">Sur <a href=\"https:\/\/www.facebook.com\/Mineur2fond\">FaceBook<\/a><\/span><\/p>\n<p><span style=\"font-family: andale mono, monospace; color: #ff6600;\">Peinture, dessin, montage vid\u00e9o, musique, \u00e9criture &#8230; Pourquoi s&rsquo;interdire quelquechose ?<\/span><\/p>\n<p><span style=\"font-family: andale mono, monospace; color: #ff6600;\">RG c&rsquo;est R\u00e9my Giacometti<\/span><\/p>\n<p><a href=\"https:\/\/www.rgimagesettextes.art\/?page_id=529\" target=\"_blank\" rel=\"noopener\">Pour me contacter<\/a><\/p>","protected":false},"excerpt":{"rendered":"<p>Sur FaceBook Peinture, dessin, montage vid\u00e9o, musique, \u00e9criture &#8230; Pourquoi s&rsquo;interdire quelquechose ? RG c&rsquo;est R\u00e9my Giacometti Pour me contacter<\/p>\n","protected":false},"author":1,"featured_media":0,"parent":0,"menu_order":0,"comment_status":"closed","ping_status":"closed","template":"","meta":{"footnotes":""},"class_list":["post-512","page","type-page","status-publish","hentry"],"_links":{"self":[{"href":"https:\/\/www.filduraz.fr\/index.php?rest_route=\/wp\/v2\/pages\/512","targetHints":{"allow":["GET"]}}],"collection":[{"href":"https:\/\/www.filduraz.fr\/index.php?rest_route=\/wp\/v2\/pages"}],"about":[{"href":"https:\/\/www.filduraz.fr\/index.php?rest_route=\/wp\/v2\/types\/page"}],"author":[{"embeddable":true,"href":"https:\/\/www.filduraz.fr\/index.php?rest_route=\/wp\/v2\/users\/1"}],"replies":[{"embeddable":true,"href":"https:\/\/www.filduraz.fr\/index.php?rest_route=%2Fwp%2Fv2%2Fcomments&post=512"}],"version-history":[{"count":19,"href":"https:\/\/www.filduraz.fr\/index.php?rest_route=\/wp\/v2\/pages\/512\/revisions"}],"predecessor-version":[{"id":988,"href":"https:\/\/www.filduraz.fr\/index.php?rest_route=\/wp\/v2\/pages\/512\/revisions\/988"}],"wp:attachment":[{"href":"https:\/\/www.filduraz.fr\/index.php?rest_route=%2Fwp%2Fv2%2Fmedia&parent=512"}],"curies":[{"name":"wp","href":"https:\/\/api.w.org\/{rel}","templated":true}]}}